{"id":334,"date":"2022-12-28T17:40:22","date_gmt":"2022-12-28T17:40:22","guid":{"rendered":"https:\/\/viajes.tufactory.es\/?page_id=334"},"modified":"2023-03-17T07:16:17","modified_gmt":"2023-03-17T07:16:17","slug":"paquetes-en-grupo","status":"publish","type":"page","link":"https:\/\/rifadatravel.com\/fr\/paquetes-en-grupo\/","title":{"rendered":"Paquetes en grupo"},"content":{"rendered":"<div data-elementor-type=\"wp-page\" data-elementor-id=\"334\" class=\"elementor elementor-334\">\n\t\t\t\t\t\t<section class=\"elementor-section elementor-top-section elementor-element elementor-element-49644f8 elementor-section-height-min-height elementor-section-boxed elementor-section-height-default elementor-section-items-middle\" data-id=\"49644f8\" data-element_type=\"section\" data-settings=\"{&quot;background_background&quot;:&quot;classic&quot;}\">\n\t\t\t\t\t\t\t<div class=\"elementor-background-overlay\"><\/div>\n\t\t\t\t\t\t\t<div class=\"elementor-container elementor-column-gap-default\">\n\t\t\t\t\t<div class=\"elementor-column elementor-col-100 elementor-top-column elementor-element elementor-element-6ef0b03\" data-id=\"6ef0b03\" data-element_type=\"column\">\n\t\t\t<div class=\"elementor-widget-wrap elementor-element-populated\">\n\t\t\t\t\t\t<div class=\"elementor-element elementor-element-6d4d869 elementor-widget elementor-widget-heading\" data-id=\"6d4d869\" data-element_type=\"widget\" data-widget_type=\"heading.default\">\n\t\t\t\t<div class=\"elementor-widget-container\">\n\t\t\t<style>\/*! elementor - v3.23.0 - 05-08-2024 *\/\n.elementor-heading-title{padding:0;margin:0;line-height:1}.elementor-widget-heading .elementor-heading-title[class*=elementor-size-]>a{color:inherit;font-size:inherit;line-height:inherit}.elementor-widget-heading .elementor-heading-title.elementor-size-small{font-size:15px}.elementor-widget-heading .elementor-heading-title.elementor-size-medium{font-size:19px}.elementor-widget-heading .elementor-heading-title.elementor-size-large{font-size:29px}.elementor-widget-heading .elementor-heading-title.elementor-size-xl{font-size:39px}.elementor-widget-heading .elementor-heading-title.elementor-size-xxl{font-size:59px}<\/style><h2 class=\"elementor-heading-title elementor-size-default\">Paquetes en grupo<\/h2>\t\t<\/div>\n\t\t\t\t<\/div>\n\t\t\t\t\t<\/div>\n\t\t<\/div>\n\t\t\t\t\t<\/div>\n\t\t<\/section>\n\t\t\t\t<section class=\"elementor-section elementor-top-section elementor-element elementor-element-994ae30 elementor-section-boxed elementor-section-height-default elementor-section-height-default\" data-id=\"994ae30\" data-element_type=\"section\">\n\t\t\t\t\t\t\t<div class=\"elementor-background-overlay\"><\/div>\n\t\t\t\t\t\t\t<div class=\"elementor-container elementor-column-gap-default\">\n\t\t\t\t\t<div class=\"elementor-column elementor-col-100 elementor-top-column elementor-element elementor-element-b968b2f\" data-id=\"b968b2f\" data-element_type=\"column\">\n\t\t\t<div class=\"elementor-widget-wrap elementor-element-populated\">\n\t\t\t\t\t\t<div class=\"elementor-element elementor-element-984e4c1 elementor-widget elementor-widget-text-editor\" data-id=\"984e4c1\" data-element_type=\"widget\" data-widget_type=\"text-editor.default\">\n\t\t\t\t<div class=\"elementor-widget-container\">\n\t\t\t<style>\/*! elementor - v3.23.0 - 05-08-2024 *\/\n.elementor-widget-text-editor.elementor-drop-cap-view-stacked .elementor-drop-cap{background-color:#69727d;color:#fff}.elementor-widget-text-editor.elementor-drop-cap-view-framed .elementor-drop-cap{color:#69727d;border:3px solid;background-color:transparent}.elementor-widget-text-editor:not(.elementor-drop-cap-view-default) .elementor-drop-cap{margin-top:8px}.elementor-widget-text-editor:not(.elementor-drop-cap-view-default) .elementor-drop-cap-letter{width:1em;height:1em}.elementor-widget-text-editor .elementor-drop-cap{float:left;text-align:center;line-height:1;font-size:50px}.elementor-widget-text-editor .elementor-drop-cap-letter{display:inline-block}<\/style>\t\t\t\t<h1><span style=\"font-size: 18pt;\">\u00a1Comparte aventuras inolvidables con los Viajes en Grupo de Rifada Travel!<\/span><\/h1><p>\u00a0<\/p><p>En Rifada Travel sabemos que viajar en grupo es una de las experiencias m\u00e1s emocionantes y \u00fanicas que imaginas, adem\u00e1s creas recuerdos imborrables y fortaleces lazos. Por ello, hemos a\u00f1adido una secci\u00f3n especial a nuestra web para que disfrutes de viajes en familia o amigos, siempre ofreci\u00e9ndote la mejor calidad, una amplia gama de opciones y los mejores precios.<\/p><p>\u00a0<\/p><p>Nuestros viajes en grupo est\u00e1n planificados por nuestros expertos para asegurarte una experiencia armoniosa, divertida y enriquecedora en todos los sentidos.<\/p><p>Con Rifada Travel tendr\u00e1s itinerarios personalizados y adaptados a las necesidades de tu grupo. Actividades y excursiones con todas las opciones culturales, deportivas, gastron\u00f3micas y de ocio que escojas. Tambi\u00e9n encontraremos un alojamiento ideal para ti y tu grupo, siendo confortable y c\u00e9ntrico, con f\u00e1cil acceso y desplazamiento. Las mejores tarifas especiales para grupos te permitir\u00e1n ahorrar y disfrutar de m\u00e1s experiencias en tu viaje.<\/p><p>\u00a0<\/p><p>No importa el viaje en grupo que est\u00e9s planeando, en Rifada Travel encontrar\u00e1s la soluci\u00f3n perfecta para tu viaje en grupo.<\/p><p>\u00a0<\/p><p>\u00a1Explora nuestras opciones y comienza a crear recuerdos inolvidables con tus seres queridos hoy mismo!<\/p>\t\t\t\t\t\t<\/div>\n\t\t\t\t<\/div>\n\t\t\t\t<div class=\"elementor-element elementor-element-dd488bf elementor-grid-4 elementor-grid-tablet-2 elementor-grid-mobile-1 elementor-widget elementor-widget-loop-grid\" data-id=\"dd488bf\" data-element_type=\"widget\" data-settings=\"{&quot;template_id&quot;:357,&quot;pagination_type&quot;:&quot;load_more_on_click&quot;,&quot;columns&quot;:4,&quot;_skin&quot;:&quot;post&quot;,&quot;columns_tablet&quot;:&quot;2&quot;,&quot;columns_mobile&quot;:&quot;1&quot;,&quot;load_more_spinner&quot;:{&quot;value&quot;:&quot;fas fa-spinner&quot;,&quot;library&quot;:&quot;fa-solid&quot;},&quot;row_gap&quot;:{&quot;unit&quot;:&quot;px&quot;,&quot;size&quot;:&quot;&quot;,&quot;sizes&quot;:[]},&quot;row_gap_tablet&quot;:{&quot;unit&quot;:&quot;px&quot;,&quot;size&quot;:&quot;&quot;,&quot;sizes&quot;:[]},&quot;row_gap_mobile&quot;:{&quot;unit&quot;:&quot;px&quot;,&quot;size&quot;:&quot;&quot;,&quot;sizes&quot;:[]}}\" data-widget_type=\"loop-grid.post\">\n\t\t\t\t<div class=\"elementor-widget-container\">\n\t\t\t<link rel=\"stylesheet\" href=\"https:\/\/rifadatravel.com\/wp-content\/plugins\/elementor-pro\/assets\/css\/widget-loop-builder.min.css\">\t\t<div class=\"elementor-loop-container elementor-grid\">\n\t\t<style id=\"loop-357\">.elementor-357 .elementor-element.elementor-element-28d45e3 > .elementor-widget-wrap > .elementor-widget:not(.elementor-widget__width-auto):not(.elementor-widget__width-initial):not(:last-child):not(.elementor-absolute){margin-bottom:0px;}.elementor-357 .elementor-element.elementor-element-28d45e3 > .elementor-element-populated{border-style:none;box-shadow:0px 0px 10px -3px rgba(0,0,0,0.5);transition:background 0.3s, border 0.3s, border-radius 0.3s, box-shadow 0.3s;margin:0px 0px 0px 0px;--e-column-margin-right:0px;--e-column-margin-left:0px;padding:0px 0px 0px 0px;}.elementor-357 .elementor-element.elementor-element-28d45e3 > .elementor-element-populated > .elementor-background-overlay{transition:background 0.3s, border-radius 0.3s, opacity 0.3s;}.elementor-357 .elementor-element.elementor-element-134abb1{text-align:center;}.elementor-357 .elementor-element.elementor-element-134abb1 .elementor-heading-title{color:var( --e-global-color-1b77215 );font-family:\"ABeeZee\", Sans-serif;font-size:18px;font-weight:900;}.elementor-357 .elementor-element.elementor-element-134abb1 > .elementor-widget-container{margin:0px 0px 0px 0px;padding:20px 20px 65px 20px;background-color:#FFFFFF;border-style:none;border-radius:20px 20px 0px 0px;}.elementor-357 .elementor-element.elementor-element-39219cf > .elementor-widget-container{margin:0px 0px 0px 0px;padding:0px 0px 0px 0px;border-style:solid;border-width:6px 0px 6px 0px;border-color:var( --e-global-color-1b77215 );}.elementor-357 .elementor-element.elementor-element-5abe351{text-align:center;}.elementor-357 .elementor-element.elementor-element-5abe351 .elementor-heading-title{color:var( --e-global-color-1b77215 );font-family:\"ABeeZee\", Sans-serif;font-weight:900;}.elementor-357 .elementor-element.elementor-element-5abe351 > .elementor-widget-container{padding:20px 10px 20px 10px;background-color:#F4F4F4;}.elementor-357 .elementor-element.elementor-element-7656714{text-align:center;}.elementor-357 .elementor-element.elementor-element-7656714 .elementor-heading-title{color:#FFFFFF;font-size:16px;font-weight:700;}.elementor-357 .elementor-element.elementor-element-7656714 > .elementor-widget-container{padding:20px 20px 20px 20px;background-color:var( --e-global-color-0323688 );border-style:none;border-radius:0px 0px 10px 10px;}\/* Start custom CSS for heading, class: .elementor-element-134abb1 *\/.elementor-357 .elementor-element.elementor-element-134abb1 > .elementor-widget-container {\r\n    height: 80px !important;    ;\r\n}\/* End custom CSS *\/<\/style>\t\t<div data-elementor-type=\"loop-item\" data-elementor-id=\"357\" class=\"elementor elementor-357 e-loop-item-1338 e-loop-item\">\n\t\t\t\t\t<div class=\"elementor-section-wrap\">\n\t\t\t\t\t\t\t\t<section class=\"elementor-section elementor-top-section elementor-element elementor-element-39a7997 elementor-section-boxed elementor-section-height-default elementor-section-height-default\" data-id=\"39a7997\" data-element_type=\"section\">\n\t\t\t\t\t\t<div class=\"elementor-container elementor-column-gap-default\">\n\t\t\t\t\t<div class=\"elementor-column elementor-col-100 elementor-top-column elementor-element elementor-element-28d45e3\" data-id=\"28d45e3\" data-element_type=\"column\">\n\t\t\t<div class=\"elementor-widget-wrap elementor-element-populated\">\n\t\t\t\t\t\t<div class=\"elementor-element elementor-element-134abb1 elementor-widget elementor-widget-heading\" data-id=\"134abb1\" data-element_type=\"widget\" data-widget_type=\"heading.default\">\n\t\t\t\t<div class=\"elementor-widget-container\">\n\t\t\t<h2 class=\"elementor-heading-title elementor-size-default\"><a href=\"https:\/\/rifadatravel.com\/fr\/pack\/marruecos\/\">MARRUECOS<\/a><\/h2>\t\t<\/div>\n\t\t\t\t<\/div>\n\t\t\t\t<div class=\"elementor-element elementor-element-39219cf elementor-widget elementor-widget-theme-post-featured-image elementor-widget-image\" data-id=\"39219cf\" data-element_type=\"widget\" data-widget_type=\"theme-post-featured-image.default\">\n\t\t\t\t<div class=\"elementor-widget-container\">\n\t\t\t<style>\/*! elementor - v3.23.0 - 05-08-2024 *\/\n.elementor-widget-image{text-align:center}.elementor-widget-image a{display:inline-block}.elementor-widget-image a img[src$=\".svg\"]{width:48px}.elementor-widget-image img{vertical-align:middle;display:inline-block}<\/style>\t\t\t\t\t\t\t\t\t\t\t<a href=\"https:\/\/rifadatravel.com\/fr\/pack\/marruecos\/\">\n\t\t\t\t\t\t\t<img decoding=\"async\" src=\"https:\/\/rifadatravel.com\/wp-content\/uploads\/2022\/12\/cec8281b20-1.jpg\" title=\"cec8281b20\" alt=\"cec8281b20\" loading=\"lazy\" \/>\t\t\t\t\t\t\t\t<\/a>\n\t\t\t\t\t\t\t\t\t\t\t\t\t<\/div>\n\t\t\t\t<\/div>\n\t\t\t\t<div class=\"elementor-element elementor-element-5abe351 elementor-widget elementor-widget-heading\" data-id=\"5abe351\" data-element_type=\"widget\" data-widget_type=\"heading.default\">\n\t\t\t\t<div class=\"elementor-widget-container\">\n\t\t\t<h2 class=\"elementor-heading-title elementor-size-default\"><a href=\"https:\/\/rifadatravel.com\/fr\/pack\/marruecos\/\">870 \u20ac<\/a><\/h2>\t\t<\/div>\n\t\t\t\t<\/div>\n\t\t\t\t<div class=\"elementor-element elementor-element-7656714 elementor-widget elementor-widget-heading\" data-id=\"7656714\" data-element_type=\"widget\" data-widget_type=\"heading.default\">\n\t\t\t\t<div class=\"elementor-widget-container\">\n\t\t\t<h2 class=\"elementor-heading-title elementor-size-default\"><a href=\"https:\/\/rifadatravel.com\/fr\/pack\/marruecos\/\">8 d\u00edas - 7 noches<\/a><\/h2>\t\t<\/div>\n\t\t\t\t<\/div>\n\t\t\t\t\t<\/div>\n\t\t<\/div>\n\t\t\t\t\t<\/div>\n\t\t<\/section>\n\t\t\t\t\t\t\t<\/div>\n\t\t\t\t<\/div>\n\t\t\t\t<div data-elementor-type=\"loop-item\" data-elementor-id=\"357\" class=\"elementor elementor-357 e-loop-item-306 e-loop-item\">\n\t\t\t\t\t<div class=\"elementor-section-wrap\">\n\t\t\t\t\t\t\t\t<section class=\"elementor-section elementor-top-section elementor-element elementor-element-39a7997 elementor-section-boxed elementor-section-height-default elementor-section-height-default\" data-id=\"39a7997\" data-element_type=\"section\">\n\t\t\t\t\t\t<div class=\"elementor-container elementor-column-gap-default\">\n\t\t\t\t\t<div class=\"elementor-column elementor-col-100 elementor-top-column elementor-element elementor-element-28d45e3\" data-id=\"28d45e3\" data-element_type=\"column\">\n\t\t\t<div class=\"elementor-widget-wrap elementor-element-populated\">\n\t\t\t\t\t\t<div class=\"elementor-element elementor-element-134abb1 elementor-widget elementor-widget-heading\" data-id=\"134abb1\" data-element_type=\"widget\" data-widget_type=\"heading.default\">\n\t\t\t\t<div class=\"elementor-widget-container\">\n\t\t\t<h2 class=\"elementor-heading-title elementor-size-default\"><a href=\"https:\/\/rifadatravel.com\/fr\/pack\/punta-cana-en-todo-incluido\/\">PUNTA CANA EN TOUT INCLUS<\/a><\/h2>\t\t<\/div>\n\t\t\t\t<\/div>\n\t\t\t\t<div class=\"elementor-element elementor-element-39219cf elementor-widget elementor-widget-theme-post-featured-image elementor-widget-image\" data-id=\"39219cf\" data-element_type=\"widget\" data-widget_type=\"theme-post-featured-image.default\">\n\t\t\t\t<div class=\"elementor-widget-container\">\n\t\t\t\t\t\t\t\t\t\t\t\t\t\t<a href=\"https:\/\/rifadatravel.com\/fr\/pack\/punta-cana-en-todo-incluido\/\">\n\t\t\t\t\t\t\t<img decoding=\"async\" src=\"https:\/\/rifadatravel.com\/wp-content\/uploads\/2022\/12\/default_6.jpg\" title=\"default_6\" alt=\"default_6\" loading=\"lazy\" \/>\t\t\t\t\t\t\t\t<\/a>\n\t\t\t\t\t\t\t\t\t\t\t\t\t<\/div>\n\t\t\t\t<\/div>\n\t\t\t\t<div class=\"elementor-element elementor-element-5abe351 elementor-widget elementor-widget-heading\" data-id=\"5abe351\" data-element_type=\"widget\" data-widget_type=\"heading.default\">\n\t\t\t\t<div class=\"elementor-widget-container\">\n\t\t\t<h2 class=\"elementor-heading-title elementor-size-default\"><a href=\"https:\/\/rifadatravel.com\/fr\/pack\/punta-cana-en-todo-incluido\/\">1.307 \u20ac<\/a><\/h2>\t\t<\/div>\n\t\t\t\t<\/div>\n\t\t\t\t<div class=\"elementor-element elementor-element-7656714 elementor-widget elementor-widget-heading\" data-id=\"7656714\" data-element_type=\"widget\" data-widget_type=\"heading.default\">\n\t\t\t\t<div class=\"elementor-widget-container\">\n\t\t\t<h2 class=\"elementor-heading-title elementor-size-default\"><a href=\"https:\/\/rifadatravel.com\/fr\/pack\/punta-cana-en-todo-incluido\/\">9 jours - 7 nuits<\/a><\/h2>\t\t<\/div>\n\t\t\t\t<\/div>\n\t\t\t\t\t<\/div>\n\t\t<\/div>\n\t\t\t\t\t<\/div>\n\t\t<\/section>\n\t\t\t\t\t\t\t<\/div>\n\t\t\t\t<\/div>\n\t\t\t\t<div data-elementor-type=\"loop-item\" data-elementor-id=\"357\" class=\"elementor elementor-357 e-loop-item-291 e-loop-item\">\n\t\t\t\t\t<div class=\"elementor-section-wrap\">\n\t\t\t\t\t\t\t\t<section class=\"elementor-section elementor-top-section elementor-element elementor-element-39a7997 elementor-section-boxed elementor-section-height-default elementor-section-height-default\" data-id=\"39a7997\" data-element_type=\"section\">\n\t\t\t\t\t\t<div class=\"elementor-container elementor-column-gap-default\">\n\t\t\t\t\t<div class=\"elementor-column elementor-col-100 elementor-top-column elementor-element elementor-element-28d45e3\" data-id=\"28d45e3\" data-element_type=\"column\">\n\t\t\t<div class=\"elementor-widget-wrap elementor-element-populated\">\n\t\t\t\t\t\t<div class=\"elementor-element elementor-element-134abb1 elementor-widget elementor-widget-heading\" data-id=\"134abb1\" data-element_type=\"widget\" data-widget_type=\"heading.default\">\n\t\t\t\t<div class=\"elementor-widget-container\">\n\t\t\t<h2 class=\"elementor-heading-title elementor-size-default\"><a href=\"https:\/\/rifadatravel.com\/fr\/pack\/japon-tradicional-tren-bala-8-visitas\/\">JAPON TRADITIONNEL + TGV + 8 VISITES<\/a><\/h2>\t\t<\/div>\n\t\t\t\t<\/div>\n\t\t\t\t<div class=\"elementor-element elementor-element-39219cf elementor-widget elementor-widget-theme-post-featured-image elementor-widget-image\" data-id=\"39219cf\" data-element_type=\"widget\" data-widget_type=\"theme-post-featured-image.default\">\n\t\t\t\t<div class=\"elementor-widget-container\">\n\t\t\t\t\t\t\t\t\t\t\t\t\t\t<a href=\"https:\/\/rifadatravel.com\/fr\/pack\/japon-tradicional-tren-bala-8-visitas\/\">\n\t\t\t\t\t\t\t<img decoding=\"async\" src=\"https:\/\/rifadatravel.com\/wp-content\/uploads\/2022\/12\/30117_49906_9.jpg\" title=\"30117_49906_9\" alt=\"30117_49906_9\" loading=\"lazy\" \/>\t\t\t\t\t\t\t\t<\/a>\n\t\t\t\t\t\t\t\t\t\t\t\t\t<\/div>\n\t\t\t\t<\/div>\n\t\t\t\t<div class=\"elementor-element elementor-element-5abe351 elementor-widget elementor-widget-heading\" data-id=\"5abe351\" data-element_type=\"widget\" data-widget_type=\"heading.default\">\n\t\t\t\t<div class=\"elementor-widget-container\">\n\t\t\t<h2 class=\"elementor-heading-title elementor-size-default\"><a href=\"https:\/\/rifadatravel.com\/fr\/pack\/japon-tradicional-tren-bala-8-visitas\/\">3.476 \u20ac<\/a><\/h2>\t\t<\/div>\n\t\t\t\t<\/div>\n\t\t\t\t<div class=\"elementor-element elementor-element-7656714 elementor-widget elementor-widget-heading\" data-id=\"7656714\" data-element_type=\"widget\" data-widget_type=\"heading.default\">\n\t\t\t\t<div class=\"elementor-widget-container\">\n\t\t\t<h2 class=\"elementor-heading-title elementor-size-default\"><a href=\"https:\/\/rifadatravel.com\/fr\/pack\/japon-tradicional-tren-bala-8-visitas\/\">10 jours - 9 nuits<\/a><\/h2>\t\t<\/div>\n\t\t\t\t<\/div>\n\t\t\t\t\t<\/div>\n\t\t<\/div>\n\t\t\t\t\t<\/div>\n\t\t<\/section>\n\t\t\t\t\t\t\t<\/div>\n\t\t\t\t<\/div>\n\t\t\t\t<\/div>\n\t\t\t\t\t<span class=\"e-load-more-spinner\">\n\t\t\t\t<i aria-hidden=\"true\" class=\"fas fa-spinner\"><\/i>\t\t\t<\/span>\n\t\t\n\t\t\t\t<\/div>\n\t\t\t\t<\/div>\n\t\t\t\t\t<\/div>\n\t\t<\/div>\n\t\t\t\t\t<\/div>\n\t\t<\/section>\n\t\t\t\t<\/div>","protected":false},"excerpt":{"rendered":"<p>Paquetes en grupo \u00a1Comparte aventuras inolvidables con los Viajes en Grupo de Rifada Travel! \u00a0 En Rifada Travel sabemos que viajar en grupo es una de las experiencias m\u00e1s emocionantes y \u00fanicas que imaginas, adem\u00e1s creas recuerdos imborrables y fortaleces lazos. Por ello, hemos a\u00f1adido una secci\u00f3n especial a nuestra web para que disfrutes de [&hellip;]<\/p>","protected":false},"author":1,"featured_media":0,"parent":0,"menu_order":0,"comment_status":"closed","ping_status":"closed","template":"","meta":{"_acf_changed":false,"footnotes":""},"class_list":["post-334","page","type-page","status-publish","hentry"],"acf":[],"_links":{"self":[{"href":"https:\/\/rifadatravel.com\/fr\/wp-json\/wp\/v2\/pages\/334","targetHints":{"allow":["GET"]}}],"collection":[{"href":"https:\/\/rifadatravel.com\/fr\/wp-json\/wp\/v2\/pages"}],"about":[{"href":"https:\/\/rifadatravel.com\/fr\/wp-json\/wp\/v2\/types\/page"}],"author":[{"embeddable":true,"href":"https:\/\/rifadatravel.com\/fr\/wp-json\/wp\/v2\/users\/1"}],"replies":[{"embeddable":true,"href":"https:\/\/rifadatravel.com\/fr\/wp-json\/wp\/v2\/comments?post=334"}],"version-history":[{"count":35,"href":"https:\/\/rifadatravel.com\/fr\/wp-json\/wp\/v2\/pages\/334\/revisions"}],"predecessor-version":[{"id":1308,"href":"https:\/\/rifadatravel.com\/fr\/wp-json\/wp\/v2\/pages\/334\/revisions\/1308"}],"wp:attachment":[{"href":"https:\/\/rifadatravel.com\/fr\/wp-json\/wp\/v2\/media?parent=334"}],"curies":[{"name":"wp","href":"https:\/\/api.w.org\/{rel}","templated":true}]}}