{"id":16,"date":"2022-12-28T14:41:05","date_gmt":"2022-12-28T14:41:05","guid":{"rendered":"https:\/\/viajes.tufactory.es\/?page_id=16"},"modified":"2023-01-18T10:05:04","modified_gmt":"2023-01-18T10:05:04","slug":"nosotros","status":"publish","type":"page","link":"https:\/\/rifadatravel.com\/fr\/nosotros\/","title":{"rendered":"Nous"},"content":{"rendered":"<div data-elementor-type=\"wp-page\" data-elementor-id=\"16\" class=\"elementor elementor-16\">\n\t\t\t\t\t\t<section class=\"elementor-section elementor-top-section elementor-element elementor-element-207ce1c elementor-section-full_width elementor-section-height-default elementor-section-height-default\" data-id=\"207ce1c\" data-element_type=\"section\" data-settings=\"{&quot;background_background&quot;:&quot;classic&quot;}\">\n\t\t\t\t\t\t<div class=\"elementor-container elementor-column-gap-default\">\n\t\t\t\t\t<div class=\"elementor-column elementor-col-100 elementor-top-column elementor-element elementor-element-9c1395c\" data-id=\"9c1395c\" data-element_type=\"column\">\n\t\t\t<div class=\"elementor-widget-wrap elementor-element-populated\">\n\t\t\t\t\t\t<div class=\"elementor-element elementor-element-80c0231 elementor-invisible elementor-widget elementor-widget-heading\" data-id=\"80c0231\" data-element_type=\"widget\" data-settings=\"{&quot;_animation&quot;:&quot;fadeInDown&quot;}\" data-widget_type=\"heading.default\">\n\t\t\t\t<div class=\"elementor-widget-container\">\n\t\t\t<style>\/*! elementor - v3.23.0 - 05-08-2024 *\/\n.elementor-heading-title{padding:0;margin:0;line-height:1}.elementor-widget-heading .elementor-heading-title[class*=elementor-size-]>a{color:inherit;font-size:inherit;line-height:inherit}.elementor-widget-heading .elementor-heading-title.elementor-size-small{font-size:15px}.elementor-widget-heading .elementor-heading-title.elementor-size-medium{font-size:19px}.elementor-widget-heading .elementor-heading-title.elementor-size-large{font-size:29px}.elementor-widget-heading .elementor-heading-title.elementor-size-xl{font-size:39px}.elementor-widget-heading .elementor-heading-title.elementor-size-xxl{font-size:59px}<\/style><h2 class=\"elementor-heading-title elementor-size-default\">Qui\u00e9nes somos<\/h2>\t\t<\/div>\n\t\t\t\t<\/div>\n\t\t\t\t\t<\/div>\n\t\t<\/div>\n\t\t\t\t\t<\/div>\n\t\t<\/section>\n\t\t\t\t<section class=\"elementor-section elementor-top-section elementor-element elementor-element-ae99116 elementor-section-boxed elementor-section-height-default elementor-section-height-default\" data-id=\"ae99116\" data-element_type=\"section\">\n\t\t\t\t\t\t<div class=\"elementor-container elementor-column-gap-default\">\n\t\t\t\t\t<div class=\"elementor-column elementor-col-50 elementor-top-column elementor-element elementor-element-026f434\" data-id=\"026f434\" data-element_type=\"column\">\n\t\t\t<div class=\"elementor-widget-wrap elementor-element-populated\">\n\t\t\t\t\t\t<div class=\"elementor-element elementor-element-549ce48 elementor-invisible elementor-widget elementor-widget-text-editor\" data-id=\"549ce48\" data-element_type=\"widget\" data-settings=\"{&quot;_animation&quot;:&quot;fadeInLeft&quot;}\" data-widget_type=\"text-editor.default\">\n\t\t\t\t<div class=\"elementor-widget-container\">\n\t\t\t<style>\/*! elementor - v3.23.0 - 05-08-2024 *\/\n.elementor-widget-text-editor.elementor-drop-cap-view-stacked .elementor-drop-cap{background-color:#69727d;color:#fff}.elementor-widget-text-editor.elementor-drop-cap-view-framed .elementor-drop-cap{color:#69727d;border:3px solid;background-color:transparent}.elementor-widget-text-editor:not(.elementor-drop-cap-view-default) .elementor-drop-cap{margin-top:8px}.elementor-widget-text-editor:not(.elementor-drop-cap-view-default) .elementor-drop-cap-letter{width:1em;height:1em}.elementor-widget-text-editor .elementor-drop-cap{float:left;text-align:center;line-height:1;font-size:50px}.elementor-widget-text-editor .elementor-drop-cap-letter{display:inline-block}<\/style>\t\t\t\t<p>Si vous \u00eates arriv\u00e9 jusqu'ici, c'est que vous aimez ce que vous voyez sur notre site web et que vous voulez en savoir plus sur ce que nous proposons, notre point de vue et, surtout, qui nous sommes.d<\/p><p>Nous sommes une jeune entreprise, cr\u00e9\u00e9e en 2022, avec beaucoup d'informations et d'exp\u00e9rience dans le secteur, puisque nous avons \u00e9t\u00e9 voyageurs nous-m\u00eames et nous avons corrig\u00e9 les bugs, qui \u00e0 notre avis ont \u00e9t\u00e9 vus et pourraient \u00eatre am\u00e9lior\u00e9s. Nous nous engageons \u00e0 faciliter la r\u00e9alisation des plans de voyage touristique, en \u00e9tant des interm\u00e9diaires entre la destination et le voyageur. Nous offrons \u00e9galement des conseils et des informations sur les destinations, la conception et l'organisation d'itin\u00e9raires, afin de r\u00e9aliser un voyage parfait. Aussi la distribution de services et de produits touristiques, qui contribuent au d\u00e9veloppement de la destination, et, enfin, les tendances et les besoins qui peuvent appara\u00eetre sur le march\u00e9.<\/p>\t\t\t\t\t\t<\/div>\n\t\t\t\t<\/div>\n\t\t\t\t<div class=\"elementor-element elementor-element-204391e elementor-invisible elementor-widget elementor-widget-text-editor\" data-id=\"204391e\" data-element_type=\"widget\" data-settings=\"{&quot;_animation&quot;:&quot;fadeInLeft&quot;}\" data-widget_type=\"text-editor.default\">\n\t\t\t\t<div class=\"elementor-widget-container\">\n\t\t\t\t\t\t\t<p><strong>Nous avons cr\u00e9\u00e9 une communaut\u00e9 dans laquelle le plaisir offert par un produit touristique de ces caract\u00e9ristiques est la priorit\u00e9.<\/strong><\/p>\t\t\t\t\t\t<\/div>\n\t\t\t\t<\/div>\n\t\t\t\t<div class=\"elementor-element elementor-element-68ab15c elementor-invisible elementor-widget elementor-widget-text-editor\" data-id=\"68ab15c\" data-element_type=\"widget\" data-settings=\"{&quot;_animation&quot;:&quot;fadeInLeft&quot;}\" data-widget_type=\"text-editor.default\">\n\t\t\t\t<div class=\"elementor-widget-container\">\n\t\t\t\t\t\t\t<p>Dans le cadre de notre philosophie d'unir les destinations de voyage, non pour changer de lieu, mais d'id\u00e9es et de perceptions, c'est pourquoi nous faisons confiance \u00e0 ce projet. Un programme qui consiste \u00e0 voyager pour apprendre et s'amuser, se d\u00e9connecter du quotidien et pouvoir atteindre la paix int\u00e9rieur. Capable d'unir le destin avecpassager de notre aventure. Bref une fa\u00e7on de d\u00e9couvrir et de conna\u00eetre un pays et de se rapprocher de ses habitants dans un voyage alternatif.<\/p><p>Nous proposons une s\u00e9rie de voyages organis\u00e9s vers diff\u00e9rentes destinations que nous r\u00e9visons p\u00e9riodiquement pour innover et ne pas tomber dans l'id\u00e9e d'offrir la m\u00eame chose \u00e0 chaque voyage. De nouvelles exp\u00e9riences et de nouvelles destinations sont l'objectif que nous proposons \u00e0 nos utilisateurs.<\/p><p>Et enfin, nous voulons mentionner les mots de Javier Reverte : \"Le meilleur voyage est toujours le suivant\".<\/p>\t\t\t\t\t\t<\/div>\n\t\t\t\t<\/div>\n\t\t\t\t<div class=\"elementor-element elementor-element-2b6c9c5 elementor-invisible elementor-widget elementor-widget-text-editor\" data-id=\"2b6c9c5\" data-element_type=\"widget\" data-settings=\"{&quot;_animation&quot;:&quot;fadeInLeft&quot;}\" data-widget_type=\"text-editor.default\">\n\t\t\t\t<div class=\"elementor-widget-container\">\n\t\t\t\t\t\t\t<p><strong>\u00bfCu\u00e1l va a ser tu pr\u00f3ximo viaje?<\/strong><\/p>\t\t\t\t\t\t<\/div>\n\t\t\t\t<\/div>\n\t\t\t\t\t<\/div>\n\t\t<\/div>\n\t\t\t\t<div class=\"elementor-column elementor-col-50 elementor-top-column elementor-element elementor-element-791f65f elementor-invisible\" data-id=\"791f65f\" data-element_type=\"column\" data-settings=\"{&quot;animation&quot;:&quot;fadeIn&quot;}\">\n\t\t\t<div class=\"elementor-widget-wrap elementor-element-populated\">\n\t\t\t\t\t\t<div class=\"elementor-element elementor-element-e1f11f7 elementor-widget elementor-widget-image\" data-id=\"e1f11f7\" data-element_type=\"widget\" data-widget_type=\"image.default\">\n\t\t\t\t<div class=\"elementor-widget-container\">\n\t\t\t<style>\/*! elementor - v3.23.0 - 05-08-2024 *\/\n.elementor-widget-image{text-align:center}.elementor-widget-image a{display:inline-block}.elementor-widget-image a img[src$=\".svg\"]{width:48px}.elementor-widget-image img{vertical-align:middle;display:inline-block}<\/style>\t\t\t\t\t\t\t\t\t\t<img fetchpriority=\"high\" decoding=\"async\" width=\"800\" height=\"793\" src=\"https:\/\/rifadatravel.com\/wp-content\/uploads\/2023\/01\/pexels-zawawi-rahim-13294978-1024x1015.jpg\" class=\"attachment-large size-large wp-image-789\" alt=\"\" srcset=\"https:\/\/rifadatravel.com\/wp-content\/uploads\/2023\/01\/pexels-zawawi-rahim-13294978-1024x1015.jpg 1024w, https:\/\/rifadatravel.com\/wp-content\/uploads\/2023\/01\/pexels-zawawi-rahim-13294978-300x297.jpg 300w, https:\/\/rifadatravel.com\/wp-content\/uploads\/2023\/01\/pexels-zawawi-rahim-13294978-150x150.jpg 150w, https:\/\/rifadatravel.com\/wp-content\/uploads\/2023\/01\/pexels-zawawi-rahim-13294978-768x761.jpg 768w, https:\/\/rifadatravel.com\/wp-content\/uploads\/2023\/01\/pexels-zawawi-rahim-13294978-1536x1523.jpg 1536w, https:\/\/rifadatravel.com\/wp-content\/uploads\/2023\/01\/pexels-zawawi-rahim-13294978-2048x2030.jpg 2048w\" sizes=\"(max-width: 800px) 100vw, 800px\" \/>\t\t\t\t\t\t\t\t\t\t\t\t\t<\/div>\n\t\t\t\t<\/div>\n\t\t\t\t\t<\/div>\n\t\t<\/div>\n\t\t\t\t\t<\/div>\n\t\t<\/section>\n\t\t\t\t<\/div>","protected":false},"excerpt":{"rendered":"<p>Qui\u00e9nes somos Si has llegado hasta aqu\u00ed es porque te est\u00e1 gustando lo que ves en nuestra web y quieres saber m\u00e1s sobre lo que ofrecemos, nuestro punto de vista y lo m\u00e1s importante, quienes somos. Somos una empresa joven, creada en 2022, con mucha informaci\u00f3n y experiencia en el sector, dado que hemos sido [&hellip;]<\/p>","protected":false},"author":1,"featured_media":0,"parent":0,"menu_order":0,"comment_status":"closed","ping_status":"closed","template":"elementor_header_footer","meta":{"_acf_changed":false,"footnotes":""},"class_list":["post-16","page","type-page","status-publish","hentry"],"acf":[],"_links":{"self":[{"href":"https:\/\/rifadatravel.com\/fr\/wp-json\/wp\/v2\/pages\/16","targetHints":{"allow":["GET"]}}],"collection":[{"href":"https:\/\/rifadatravel.com\/fr\/wp-json\/wp\/v2\/pages"}],"about":[{"href":"https:\/\/rifadatravel.com\/fr\/wp-json\/wp\/v2\/types\/page"}],"author":[{"embeddable":true,"href":"https:\/\/rifadatravel.com\/fr\/wp-json\/wp\/v2\/users\/1"}],"replies":[{"embeddable":true,"href":"https:\/\/rifadatravel.com\/fr\/wp-json\/wp\/v2\/comments?post=16"}],"version-history":[{"count":67,"href":"https:\/\/rifadatravel.com\/fr\/wp-json\/wp\/v2\/pages\/16\/revisions"}],"predecessor-version":[{"id":1139,"href":"https:\/\/rifadatravel.com\/fr\/wp-json\/wp\/v2\/pages\/16\/revisions\/1139"}],"wp:attachment":[{"href":"https:\/\/rifadatravel.com\/fr\/wp-json\/wp\/v2\/media?parent=16"}],"curies":[{"name":"wp","href":"https:\/\/api.w.org\/{rel}","templated":true}]}}