{"id":1087,"date":"2023-01-18T09:30:13","date_gmt":"2023-01-18T09:30:13","guid":{"rendered":"https:\/\/viajes.tufactory.es\/?page_id=1087"},"modified":"2023-03-17T07:17:46","modified_gmt":"2023-03-17T07:17:46","slug":"paquetes-de-viaje","status":"publish","type":"page","link":"https:\/\/rifadatravel.com\/en\/paquetes-de-viaje\/","title":{"rendered":"Paquetes de viaje"},"content":{"rendered":"<div data-elementor-type=\"wp-page\" data-elementor-id=\"1087\" class=\"elementor elementor-1087\">\n\t\t\t\t\t\t<section class=\"elementor-section elementor-top-section elementor-element elementor-element-49644f8 elementor-section-height-min-height elementor-section-boxed elementor-section-height-default elementor-section-items-middle\" data-id=\"49644f8\" data-element_type=\"section\" data-settings=\"{&quot;background_background&quot;:&quot;classic&quot;}\">\n\t\t\t\t\t\t\t<div class=\"elementor-background-overlay\"><\/div>\n\t\t\t\t\t\t\t<div class=\"elementor-container elementor-column-gap-default\">\n\t\t\t\t\t<div class=\"elementor-column elementor-col-100 elementor-top-column elementor-element elementor-element-6ef0b03\" data-id=\"6ef0b03\" data-element_type=\"column\">\n\t\t\t<div class=\"elementor-widget-wrap elementor-element-populated\">\n\t\t\t\t\t\t<div class=\"elementor-element elementor-element-6d4d869 elementor-widget elementor-widget-heading\" data-id=\"6d4d869\" data-element_type=\"widget\" data-widget_type=\"heading.default\">\n\t\t\t\t<div class=\"elementor-widget-container\">\n\t\t\t<style>\/*! elementor - v3.23.0 - 05-08-2024 *\/\n.elementor-heading-title{padding:0;margin:0;line-height:1}.elementor-widget-heading .elementor-heading-title[class*=elementor-size-]>a{color:inherit;font-size:inherit;line-height:inherit}.elementor-widget-heading .elementor-heading-title.elementor-size-small{font-size:15px}.elementor-widget-heading .elementor-heading-title.elementor-size-medium{font-size:19px}.elementor-widget-heading .elementor-heading-title.elementor-size-large{font-size:29px}.elementor-widget-heading .elementor-heading-title.elementor-size-xl{font-size:39px}.elementor-widget-heading .elementor-heading-title.elementor-size-xxl{font-size:59px}<\/style><h2 class=\"elementor-heading-title elementor-size-default\">Paquetes de viaje<\/h2>\t\t<\/div>\n\t\t\t\t<\/div>\n\t\t\t\t\t<\/div>\n\t\t<\/div>\n\t\t\t\t\t<\/div>\n\t\t<\/section>\n\t\t\t\t<section class=\"elementor-section elementor-top-section elementor-element elementor-element-994ae30 elementor-section-boxed elementor-section-height-default elementor-section-height-default\" data-id=\"994ae30\" data-element_type=\"section\">\n\t\t\t\t\t\t\t<div class=\"elementor-background-overlay\"><\/div>\n\t\t\t\t\t\t\t<div class=\"elementor-container elementor-column-gap-default\">\n\t\t\t\t\t<div class=\"elementor-column elementor-col-100 elementor-top-column elementor-element elementor-element-b968b2f\" data-id=\"b968b2f\" data-element_type=\"column\">\n\t\t\t<div class=\"elementor-widget-wrap elementor-element-populated\">\n\t\t\t\t\t\t<div class=\"elementor-element elementor-element-b477081 elementor-widget elementor-widget-text-editor\" data-id=\"b477081\" data-element_type=\"widget\" data-widget_type=\"text-editor.default\">\n\t\t\t\t<div class=\"elementor-widget-container\">\n\t\t\t<style>\/*! elementor - v3.23.0 - 05-08-2024 *\/\n.elementor-widget-text-editor.elementor-drop-cap-view-stacked .elementor-drop-cap{background-color:#69727d;color:#fff}.elementor-widget-text-editor.elementor-drop-cap-view-framed .elementor-drop-cap{color:#69727d;border:3px solid;background-color:transparent}.elementor-widget-text-editor:not(.elementor-drop-cap-view-default) .elementor-drop-cap{margin-top:8px}.elementor-widget-text-editor:not(.elementor-drop-cap-view-default) .elementor-drop-cap-letter{width:1em;height:1em}.elementor-widget-text-editor .elementor-drop-cap{float:left;text-align:center;line-height:1;font-size:50px}.elementor-widget-text-editor .elementor-drop-cap-letter{display:inline-block}<\/style>\t\t\t\t<h1><span style=\"font-size: 18pt;\">Descubre los incre\u00edbles Packs de Viajes en Rifada Travel.<\/span><\/h1><p>\u00a0<\/p><p>\u00a1Aprovecha nuestras impresionantes ofertas exclusivas con los Packs de Viajes y vive una experiencia inolvidable sin preocuparte de los detalles! Nuestro equipo de expertos ha dise\u00f1ado distintos paquetes para que puedas disfrutar de tus vacaciones al m\u00e1ximo. Combinando distintos destinos, actividades y alojamientos, todo ello a precios irresistibles.<\/p><p>\u00a0<\/p><p>Los Packs de Viajes que ofrecemos en Rifada Travel est\u00e1n cuidadosamente seleccionados y combinados para garantizar una experiencia \u00fanica e inolvidable. Los itinerarios est\u00e1n planificados y combina cada visita tur\u00edstica, deportiva, cultural o de ocio, as\u00ed como con tiempo libre para explorar por tu cuenta. En cuanto al alojamiento, se analizan los mejores y se seleccionan los hoteles, hostales o apartamentos que puedan ofrecer una calidad ideal. Tambi\u00e9n se escogen cuidadosamente las actividades y excursiones para hacer m\u00e1s grande la experiencia y siempre ofreciendo el mejor ahorro con descuentos exclusivos.<\/p><p>\u00a0<\/p><p>Encuentra la opci\u00f3n perfecta para tus pr\u00f3ximas vacaciones y d\u00e9janos que nos encarguemos de todos los detalles para que puedas disfrutar de una experiencia inmemorable.<\/p><p>\u00a0<\/p><p>\u00a1Tu aventura so\u00f1ada est\u00e1 a solo un clic de distancia!<\/p>\t\t\t\t\t\t<\/div>\n\t\t\t\t<\/div>\n\t\t\t\t<div class=\"elementor-element elementor-element-dd488bf elementor-grid-4 elementor-grid-tablet-2 elementor-grid-mobile-1 elementor-widget elementor-widget-loop-grid\" data-id=\"dd488bf\" data-element_type=\"widget\" data-settings=\"{&quot;template_id&quot;:357,&quot;pagination_type&quot;:&quot;load_more_on_click&quot;,&quot;columns&quot;:4,&quot;_skin&quot;:&quot;post&quot;,&quot;columns_tablet&quot;:&quot;2&quot;,&quot;columns_mobile&quot;:&quot;1&quot;,&quot;load_more_spinner&quot;:{&quot;value&quot;:&quot;fas fa-spinner&quot;,&quot;library&quot;:&quot;fa-solid&quot;},&quot;row_gap&quot;:{&quot;unit&quot;:&quot;px&quot;,&quot;size&quot;:&quot;&quot;,&quot;sizes&quot;:[]},&quot;row_gap_tablet&quot;:{&quot;unit&quot;:&quot;px&quot;,&quot;size&quot;:&quot;&quot;,&quot;sizes&quot;:[]},&quot;row_gap_mobile&quot;:{&quot;unit&quot;:&quot;px&quot;,&quot;size&quot;:&quot;&quot;,&quot;sizes&quot;:[]}}\" data-widget_type=\"loop-grid.post\">\n\t\t\t\t<div class=\"elementor-widget-container\">\n\t\t\t<link rel=\"stylesheet\" href=\"https:\/\/rifadatravel.com\/wp-content\/plugins\/elementor-pro\/assets\/css\/widget-loop-builder.min.css\">\t\t<div class=\"elementor-loop-container elementor-grid\">\n\t\t<style id=\"loop-357\">.elementor-357 .elementor-element.elementor-element-28d45e3 > .elementor-widget-wrap > .elementor-widget:not(.elementor-widget__width-auto):not(.elementor-widget__width-initial):not(:last-child):not(.elementor-absolute){margin-bottom:0px;}.elementor-357 .elementor-element.elementor-element-28d45e3 > .elementor-element-populated{border-style:none;box-shadow:0px 0px 10px -3px rgba(0,0,0,0.5);transition:background 0.3s, border 0.3s, border-radius 0.3s, box-shadow 0.3s;margin:0px 0px 0px 0px;--e-column-margin-right:0px;--e-column-margin-left:0px;padding:0px 0px 0px 0px;}.elementor-357 .elementor-element.elementor-element-28d45e3 > .elementor-element-populated > .elementor-background-overlay{transition:background 0.3s, border-radius 0.3s, opacity 0.3s;}.elementor-357 .elementor-element.elementor-element-134abb1{text-align:center;}.elementor-357 .elementor-element.elementor-element-134abb1 .elementor-heading-title{color:var( --e-global-color-1b77215 );font-family:\"ABeeZee\", Sans-serif;font-size:18px;font-weight:900;}.elementor-357 .elementor-element.elementor-element-134abb1 > .elementor-widget-container{margin:0px 0px 0px 0px;padding:20px 20px 65px 20px;background-color:#FFFFFF;border-style:none;border-radius:20px 20px 0px 0px;}.elementor-357 .elementor-element.elementor-element-39219cf > .elementor-widget-container{margin:0px 0px 0px 0px;padding:0px 0px 0px 0px;border-style:solid;border-width:6px 0px 6px 0px;border-color:var( --e-global-color-1b77215 );}.elementor-357 .elementor-element.elementor-element-5abe351{text-align:center;}.elementor-357 .elementor-element.elementor-element-5abe351 .elementor-heading-title{color:var( --e-global-color-1b77215 );font-family:\"ABeeZee\", Sans-serif;font-weight:900;}.elementor-357 .elementor-element.elementor-element-5abe351 > .elementor-widget-container{padding:20px 10px 20px 10px;background-color:#F4F4F4;}.elementor-357 .elementor-element.elementor-element-7656714{text-align:center;}.elementor-357 .elementor-element.elementor-element-7656714 .elementor-heading-title{color:#FFFFFF;font-size:16px;font-weight:700;}.elementor-357 .elementor-element.elementor-element-7656714 > .elementor-widget-container{padding:20px 20px 20px 20px;background-color:var( --e-global-color-0323688 );border-style:none;border-radius:0px 0px 10px 10px;}\/* Start custom CSS for heading, class: .elementor-element-134abb1 *\/.elementor-357 .elementor-element.elementor-element-134abb1 > .elementor-widget-container {\r\n    height: 80px !important;    ;\r\n}\/* End custom CSS *\/<\/style>\t\t<div data-elementor-type=\"loop-item\" data-elementor-id=\"357\" class=\"elementor elementor-357 e-loop-item-673 e-loop-item\">\n\t\t\t\t\t<div class=\"elementor-section-wrap\">\n\t\t\t\t\t\t\t\t<section class=\"elementor-section elementor-top-section elementor-element elementor-element-39a7997 elementor-section-boxed elementor-section-height-default elementor-section-height-default\" data-id=\"39a7997\" data-element_type=\"section\">\n\t\t\t\t\t\t<div class=\"elementor-container elementor-column-gap-default\">\n\t\t\t\t\t<div class=\"elementor-column elementor-col-100 elementor-top-column elementor-element elementor-element-28d45e3\" data-id=\"28d45e3\" data-element_type=\"column\">\n\t\t\t<div class=\"elementor-widget-wrap elementor-element-populated\">\n\t\t\t\t\t\t<div class=\"elementor-element elementor-element-134abb1 elementor-widget elementor-widget-heading\" data-id=\"134abb1\" data-element_type=\"widget\" data-widget_type=\"heading.default\">\n\t\t\t\t<div class=\"elementor-widget-container\">\n\t\t\t<h2 class=\"elementor-heading-title elementor-size-default\"><a href=\"https:\/\/rifadatravel.com\/en\/pack\/marruecos-joyas-del-sur\/\">MOROCCO: JEWELS OF THE SOUTH<\/a><\/h2>\t\t<\/div>\n\t\t\t\t<\/div>\n\t\t\t\t<div class=\"elementor-element elementor-element-39219cf elementor-widget elementor-widget-theme-post-featured-image elementor-widget-image\" data-id=\"39219cf\" data-element_type=\"widget\" data-widget_type=\"theme-post-featured-image.default\">\n\t\t\t\t<div class=\"elementor-widget-container\">\n\t\t\t<style>\/*! elementor - v3.23.0 - 05-08-2024 *\/\n.elementor-widget-image{text-align:center}.elementor-widget-image a{display:inline-block}.elementor-widget-image a img[src$=\".svg\"]{width:48px}.elementor-widget-image img{vertical-align:middle;display:inline-block}<\/style>\t\t\t\t\t\t\t\t\t\t\t<a href=\"https:\/\/rifadatravel.com\/en\/pack\/marruecos-joyas-del-sur\/\">\n\t\t\t\t\t\t\t<img decoding=\"async\" src=\"https:\/\/rifadatravel.com\/wp-content\/uploads\/2023\/01\/marruecos.jpg\" title=\"marruecos\" alt=\"marruecos\" loading=\"lazy\" \/>\t\t\t\t\t\t\t\t<\/a>\n\t\t\t\t\t\t\t\t\t\t\t\t\t<\/div>\n\t\t\t\t<\/div>\n\t\t\t\t<div class=\"elementor-element elementor-element-5abe351 elementor-widget elementor-widget-heading\" data-id=\"5abe351\" data-element_type=\"widget\" data-widget_type=\"heading.default\">\n\t\t\t\t<div class=\"elementor-widget-container\">\n\t\t\t<h2 class=\"elementor-heading-title elementor-size-default\"><a href=\"https:\/\/rifadatravel.com\/en\/pack\/marruecos-joyas-del-sur\/\">314 \u20ac<\/a><\/h2>\t\t<\/div>\n\t\t\t\t<\/div>\n\t\t\t\t<div class=\"elementor-element elementor-element-7656714 elementor-widget elementor-widget-heading\" data-id=\"7656714\" data-element_type=\"widget\" data-widget_type=\"heading.default\">\n\t\t\t\t<div class=\"elementor-widget-container\">\n\t\t\t<h2 class=\"elementor-heading-title elementor-size-default\"><a href=\"https:\/\/rifadatravel.com\/en\/pack\/marruecos-joyas-del-sur\/\">5 days - 4 nights<\/a><\/h2>\t\t<\/div>\n\t\t\t\t<\/div>\n\t\t\t\t\t<\/div>\n\t\t<\/div>\n\t\t\t\t\t<\/div>\n\t\t<\/section>\n\t\t\t\t\t\t\t<\/div>\n\t\t\t\t<\/div>\n\t\t\t\t<\/div>\n\t\t\t\t\t<span class=\"e-load-more-spinner\">\n\t\t\t\t<i aria-hidden=\"true\" class=\"fas fa-spinner\"><\/i>\t\t\t<\/span>\n\t\t\n\t\t\t\t<\/div>\n\t\t\t\t<\/div>\n\t\t\t\t\t<\/div>\n\t\t<\/div>\n\t\t\t\t\t<\/div>\n\t\t<\/section>\n\t\t\t\t<\/div>","protected":false},"excerpt":{"rendered":"<p>Paquetes de viaje Descubre los incre\u00edbles Packs de Viajes en Rifada Travel. \u00a0 \u00a1Aprovecha nuestras impresionantes ofertas exclusivas con los Packs de Viajes y vive una experiencia inolvidable sin preocuparte de los detalles! Nuestro equipo de expertos ha dise\u00f1ado distintos paquetes para que puedas disfrutar de tus vacaciones al m\u00e1ximo. Combinando distintos destinos, actividades y [&hellip;]<\/p>","protected":false},"author":1,"featured_media":0,"parent":0,"menu_order":0,"comment_status":"closed","ping_status":"closed","template":"","meta":{"_acf_changed":false,"footnotes":""},"class_list":["post-1087","page","type-page","status-publish","hentry"],"acf":[],"_links":{"self":[{"href":"https:\/\/rifadatravel.com\/en\/wp-json\/wp\/v2\/pages\/1087","targetHints":{"allow":["GET"]}}],"collection":[{"href":"https:\/\/rifadatravel.com\/en\/wp-json\/wp\/v2\/pages"}],"about":[{"href":"https:\/\/rifadatravel.com\/en\/wp-json\/wp\/v2\/types\/page"}],"author":[{"embeddable":true,"href":"https:\/\/rifadatravel.com\/en\/wp-json\/wp\/v2\/users\/1"}],"replies":[{"embeddable":true,"href":"https:\/\/rifadatravel.com\/en\/wp-json\/wp\/v2\/comments?post=1087"}],"version-history":[{"count":10,"href":"https:\/\/rifadatravel.com\/en\/wp-json\/wp\/v2\/pages\/1087\/revisions"}],"predecessor-version":[{"id":1311,"href":"https:\/\/rifadatravel.com\/en\/wp-json\/wp\/v2\/pages\/1087\/revisions\/1311"}],"wp:attachment":[{"href":"https:\/\/rifadatravel.com\/en\/wp-json\/wp\/v2\/media?parent=1087"}],"curies":[{"name":"wp","href":"https:\/\/api.w.org\/{rel}","templated":true}]}}