{"id":16,"date":"2022-12-28T14:41:05","date_gmt":"2022-12-28T14:41:05","guid":{"rendered":"https:\/\/viajes.tufactory.es\/?page_id=16"},"modified":"2023-01-18T10:05:04","modified_gmt":"2023-01-18T10:05:04","slug":"nosotros","status":"publish","type":"page","link":"https:\/\/rifadatravel.com\/ar\/nosotros\/","title":{"rendered":"\u0646\u062d\u0646"},"content":{"rendered":"<div data-elementor-type=\"wp-page\" data-elementor-id=\"16\" class=\"elementor elementor-16\">\n\t\t\t\t\t\t<section class=\"elementor-section elementor-top-section elementor-element elementor-element-207ce1c elementor-section-full_width elementor-section-height-default elementor-section-height-default\" data-id=\"207ce1c\" data-element_type=\"section\" data-settings=\"{&quot;background_background&quot;:&quot;classic&quot;}\">\n\t\t\t\t\t\t<div class=\"elementor-container elementor-column-gap-default\">\n\t\t\t\t\t<div class=\"elementor-column elementor-col-100 elementor-top-column elementor-element elementor-element-9c1395c\" data-id=\"9c1395c\" data-element_type=\"column\">\n\t\t\t<div class=\"elementor-widget-wrap elementor-element-populated\">\n\t\t\t\t\t\t<div class=\"elementor-element elementor-element-80c0231 elementor-invisible elementor-widget elementor-widget-heading\" data-id=\"80c0231\" data-element_type=\"widget\" data-settings=\"{&quot;_animation&quot;:&quot;fadeInDown&quot;}\" data-widget_type=\"heading.default\">\n\t\t\t\t<div class=\"elementor-widget-container\">\n\t\t\t<style>\/*! elementor - v3.23.0 - 05-08-2024 *\/\n.elementor-heading-title{padding:0;margin:0;line-height:1}.elementor-widget-heading .elementor-heading-title[class*=elementor-size-]>a{color:inherit;font-size:inherit;line-height:inherit}.elementor-widget-heading .elementor-heading-title.elementor-size-small{font-size:15px}.elementor-widget-heading .elementor-heading-title.elementor-size-medium{font-size:19px}.elementor-widget-heading .elementor-heading-title.elementor-size-large{font-size:29px}.elementor-widget-heading .elementor-heading-title.elementor-size-xl{font-size:39px}.elementor-widget-heading .elementor-heading-title.elementor-size-xxl{font-size:59px}<\/style><h2 class=\"elementor-heading-title elementor-size-default\">Qui\u00e9nes somos<\/h2>\t\t<\/div>\n\t\t\t\t<\/div>\n\t\t\t\t\t<\/div>\n\t\t<\/div>\n\t\t\t\t\t<\/div>\n\t\t<\/section>\n\t\t\t\t<section class=\"elementor-section elementor-top-section elementor-element elementor-element-ae99116 elementor-section-boxed elementor-section-height-default elementor-section-height-default\" data-id=\"ae99116\" data-element_type=\"section\">\n\t\t\t\t\t\t<div class=\"elementor-container elementor-column-gap-default\">\n\t\t\t\t\t<div class=\"elementor-column elementor-col-50 elementor-top-column elementor-element elementor-element-026f434\" data-id=\"026f434\" data-element_type=\"column\">\n\t\t\t<div class=\"elementor-widget-wrap elementor-element-populated\">\n\t\t\t\t\t\t<div class=\"elementor-element elementor-element-549ce48 elementor-invisible elementor-widget elementor-widget-text-editor\" data-id=\"549ce48\" data-element_type=\"widget\" data-settings=\"{&quot;_animation&quot;:&quot;fadeInLeft&quot;}\" data-widget_type=\"text-editor.default\">\n\t\t\t\t<div class=\"elementor-widget-container\">\n\t\t\t<style>\/*! elementor - v3.23.0 - 05-08-2024 *\/\n.elementor-widget-text-editor.elementor-drop-cap-view-stacked .elementor-drop-cap{background-color:#69727d;color:#fff}.elementor-widget-text-editor.elementor-drop-cap-view-framed .elementor-drop-cap{color:#69727d;border:3px solid;background-color:transparent}.elementor-widget-text-editor:not(.elementor-drop-cap-view-default) .elementor-drop-cap{margin-top:8px}.elementor-widget-text-editor:not(.elementor-drop-cap-view-default) .elementor-drop-cap-letter{width:1em;height:1em}.elementor-widget-text-editor .elementor-drop-cap{float:left;text-align:center;line-height:1;font-size:50px}.elementor-widget-text-editor .elementor-drop-cap-letter{display:inline-block}<\/style>\t\t\t\t<p>\u0625\u0630\u0627 \u0648\u0635\u0644\u062a \u0625\u0644\u0649 \u0647\u0630\u0627 \u0627\u0644\u062d\u062f \u060c \u0641\u0630\u0644\u0643 \u0644\u0623\u0646\u0643 \u062a\u062d\u0628 \u0645\u0627 \u062a\u0631\u0627\u0647 \u0639\u0644\u0649 \u0645\u0648\u0642\u0639\u0646\u0627 \u0648\u062a\u0631\u064a\u062f \u0645\u0639\u0631\u0641\u0629 \u0627\u0644\u0645\u0632\u064a\u062f \u062d\u0648\u0644 \u0645\u0627 \u0646\u0642\u062f\u0645\u0647 \u060c \u0648\u062c\u0647\u0629 \u0646\u0638\u0631\u0646\u0627 \u0648\u0627\u0644\u0623\u0647\u0645 \u0645\u0646 \u0630\u0644\u0643 \u060c \u0645\u0646 \u0646\u062d\u0646.<\/p><p>\u0646\u062d\u0646 \u0634\u0631\u0643\u0629 \u0634\u0627\u0628\u0629 \u060c \u062a\u0645 \u0625\u0646\u0634\u0627\u0624\u0647\u0627 \u0641\u064a \u0639\u0627\u0645 2022 \u060c \u0648\u0644\u062f\u064a\u0646\u0627 \u0627\u0644\u0643\u062b\u064a\u0631 \u0645\u0646 \u0627\u0644\u0645\u0639\u0644\u0648\u0645\u0627\u062a \u0648\u0627\u0644\u062e\u0628\u0631\u0629 \u0641\u064a \u0647\u0630\u0627 \u0627\u0644\u0642\u0637\u0627\u0639 \u060c \u062d\u064a\u062b \u0643\u0646\u0627 \u0645\u0633\u0627\u0641\u0631\u064a\u0646 \u0628\u0623\u0646\u0641\u0633\u0646\u0627 \u0648\u0642\u0645\u0646\u0627 \u0628\u062a\u0635\u062d\u064a\u062d \u0627\u0644\u0623\u062e\u0637\u0627\u0621 \u060c \u0648\u0627\u0644\u062a\u064a \u0641\u064a \u0631\u0623\u064a\u0646\u0627 \u0631\u0623\u064a\u0646\u0627\u0647\u0627 \u0648\u064a\u0645\u0643\u0646 \u062a\u062d\u0633\u064a\u0646\u0647\u0627. \u0646\u062d\u0646 \u0645\u0644\u062a\u0632\u0645\u0648\u0646 \u0628\u062a\u0633\u0647\u064a\u0644 \u062a\u062d\u0642\u064a\u0642 \u062e\u0637\u0637 \u0627\u0644\u0633\u0641\u0631 \u0627\u0644\u0633\u064a\u0627\u062d\u064a \u060c \u0643\u0648\u0646\u0646\u0627 \u0648\u0633\u0637\u0627\u0621 \u0628\u064a\u0646 \u0627\u0644\u0648\u062c\u0647\u0629 \u0648\u0627\u0644\u0645\u0633\u0627\u0641\u0631. \u0646\u0642\u062f\u0645 \u0623\u064a\u0636\u064b\u0627 \u0627\u0644\u0646\u0635\u0627\u0626\u062d \u0648\u0627\u0644\u0645\u0639\u0644\u0648\u0645\u0627\u062a \u062d\u0648\u0644 \u0627\u0644\u0648\u062c\u0647\u0627\u062a \u0648\u062a\u0635\u0645\u064a\u0645 \u0645\u0633\u0627\u0631\u0627\u062a \u0627\u0644\u0631\u062d\u0644\u0629 \u0648\u062a\u0646\u0638\u064a\u0645\u0647\u0627 \u0644\u062a\u062d\u0642\u064a\u0642 \u0631\u062d\u0644\u0629 \u0645\u062b\u0627\u0644\u064a\u0629. \u0648\u0643\u0630\u0644\u0643 \u062a\u0648\u0632\u064a\u0639 \u0627\u0644\u062e\u062f\u0645\u0627\u062a \u0648\u0627\u0644\u0645\u0646\u062a\u062c\u0627\u062a \u0627\u0644\u0633\u064a\u0627\u062d\u064a\u0629 \u0627\u0644\u062a\u064a \u062a\u0633\u0627\u0647\u0645 \u0641\u064a \u062a\u0637\u0648\u064a\u0631 \u0627\u0644\u0648\u062c\u0647\u0629 \u060c \u0648\u0623\u062e\u064a\u0631\u0627\u064b \u0627\u0644\u0627\u062a\u062c\u0627\u0647\u0627\u062a \u0648\u0627\u0644\u0627\u062d\u062a\u064a\u0627\u062c\u0627\u062a \u0627\u0644\u062a\u064a \u0642\u062f \u062a\u0638\u0647\u0631 \u0641\u064a \u0627\u0644\u0633\u0648\u0642.<\/p>\t\t\t\t\t\t<\/div>\n\t\t\t\t<\/div>\n\t\t\t\t<div class=\"elementor-element elementor-element-204391e elementor-invisible elementor-widget elementor-widget-text-editor\" data-id=\"204391e\" data-element_type=\"widget\" data-settings=\"{&quot;_animation&quot;:&quot;fadeInLeft&quot;}\" data-widget_type=\"text-editor.default\">\n\t\t\t\t<div class=\"elementor-widget-container\">\n\t\t\t\t\t\t\t<p><strong>\u0646\u062d\u0646 \u0646\u0646\u0634\u0626 \u0645\u062c\u062a\u0645\u0639\u064b\u0627 \u064a\u0643\u0648\u0646 \u0641\u064a\u0647 \u0627\u0644\u062a\u0645\u062a\u0639 \u0627\u0644\u0630\u064a \u064a\u0648\u0641\u0631\u0647 \u0645\u0646\u062a\u062c \u0633\u064a\u0627\u062d\u064a \u0628\u0647\u0630\u0647 \u0627\u0644\u062e\u0635\u0627\u0626\u0635 \u0647\u0648 \u0627\u0644\u0623\u0648\u0644\u0648\u064a\u0629.<\/strong><\/p>\t\t\t\t\t\t<\/div>\n\t\t\t\t<\/div>\n\t\t\t\t<div class=\"elementor-element elementor-element-68ab15c elementor-invisible elementor-widget elementor-widget-text-editor\" data-id=\"68ab15c\" data-element_type=\"widget\" data-settings=\"{&quot;_animation&quot;:&quot;fadeInLeft&quot;}\" data-widget_type=\"text-editor.default\">\n\t\t\t\t<div class=\"elementor-widget-container\">\n\t\t\t\t\t\t\t<p>\u0641\u064a \u0625\u0637\u0627\u0631 \u0641\u0644\u0633\u0641\u062a\u0646\u0627 \u0627\u0644\u062e\u0627\u0635\u0629 \u0628\u062a\u0648\u062d\u064a\u062f \u0648\u062c\u0647\u0627\u062a \u0627\u0644\u0633\u0641\u0631 \u060c \u0648\u0644\u064a\u0633 \u0644\u062a\u063a\u064a\u064a\u0631 \u0627\u0644\u0623\u0645\u0627\u0643\u0646 \u060c \u0648\u0644\u0643\u0646 \u0627\u0644\u0623\u0641\u0643\u0627\u0631 \u0648\u0627\u0644\u062a\u0635\u0648\u0631\u0627\u062a \u060c \u0647\u0648 \u0633\u0628\u0628 \u062b\u0642\u062a\u0646\u0627 \u0641\u064a \u0647\u0630\u0627 \u0627\u0644\u0645\u0634\u0631\u0648\u0639. \u0628\u0631\u0646\u0627\u0645\u062c \u064a\u062a\u0643\u0648\u0646 \u0645\u0646 \u0627\u0644\u0633\u0641\u0631 \u0644\u0644\u062a\u0639\u0644\u0645 \u0648\u0627\u0644\u0627\u0633\u062a\u0645\u062a\u0627\u0639 \u060c \u0648\u0627\u0644\u0627\u0646\u0641\u0635\u0627\u0644 \u0639\u0646 \u064a\u0648\u0645 \u0644\u0622\u062e\u0631 \u0648\u0627\u0644\u062a\u0645\u0643\u0646 \u0645\u0646 \u062a\u062d\u0642\u064a\u0642 \u0627\u0644\u0633\u0644\u0627\u0645 \u0627\u0644\u062f\u0627\u062e\u0644\u064a. \u0642\u0627\u062f\u0631 \u0639\u0644\u0649 \u062a\u0648\u062d\u064a\u062f \u0627\u0644\u0645\u0635\u064a\u0631 \u0645\u0639 \u0631\u0627\u0643\u0628 \u0645\u063a\u0627\u0645\u0631\u062a\u0646\u0627. \u0637\u0631\u064a\u0642\u0629 \u0623\u0633\u0627\u0633\u064a\u0629 \u0644\u0627\u0643\u062a\u0634\u0627\u0641 \u0628\u0644\u062f \u0645\u0627 \u0648\u0627\u0644\u062a\u0639\u0631\u0641 \u0639\u0644\u064a\u0647 \u0648\u0627\u0644\u0627\u0642\u062a\u0631\u0627\u0628 \u0623\u0643\u062b\u0631 \u0645\u0646 \u0634\u0639\u0628\u0647 \u0641\u064a \u0631\u062d\u0644\u0629 \u0628\u062f\u064a\u0644\u0629.<\/p><p>\u0646\u062d\u0646 \u0646\u0642\u062f\u0645 \u0633\u0644\u0633\u0644\u0629 \u0645\u0646 \u0627\u0644\u0631\u062d\u0644\u0627\u062a \u0627\u0644\u0645\u0646\u0638\u0645\u0629 \u0625\u0644\u0649 \u0648\u062c\u0647\u0627\u062a \u0645\u062e\u062a\u0644\u0641\u0629 \u0648\u0627\u0644\u062a\u064a \u0639\u0627\u062f\u0629 \u0645\u0627 \u0646\u0631\u0627\u062c\u0639\u0647\u0627 \u0628\u0634\u0643\u0644 \u062f\u0648\u0631\u064a \u0644\u0644\u0627\u0628\u062a\u0643\u0627\u0631 \u0648\u0639\u062f\u0645 \u0627\u0644\u0648\u0642\u0648\u0639 \u0641\u064a \u062a\u0642\u062f\u064a\u0645 \u0646\u0641\u0633 \u0627\u0644\u0634\u064a\u0621 \u0641\u064a \u0643\u0644 \u0631\u062d\u0644\u0629. \u0627\u0644\u062a\u062c\u0627\u0631\u0628 \u0627\u0644\u062c\u062f\u064a\u062f\u0629 \u0648\u0627\u0644\u0648\u062c\u0647\u0627\u062a \u0627\u0644\u062c\u062f\u064a\u062f\u0629 \u0647\u064a \u0627\u0644\u0647\u062f\u0641 \u0627\u0644\u0630\u064a \u0646\u0642\u062f\u0645\u0647 \u0644\u0645\u0633\u062a\u062e\u062f\u0645\u064a\u0646\u0627.<\/p><p>\u0648\u062e\u062a\u0627\u0645\u064b\u0627 \u060c \u0646\u0648\u062f \u0623\u0646 \u0646\u0630\u0643\u0631 \u0643\u0644\u0645\u0627\u062a \u062e\u0627\u0641\u064a\u064a\u0631 \u0631\u064a\u0641\u0631\u062a\u064a: \"\u0623\u0641\u0636\u0644 \u0627\u0644\u0631\u062d\u0644\u0627\u062a \u0647\u064a \u062f\u0627\u0626\u0645\u064b\u0627 \u0627\u0644\u0631\u062d\u0644\u0629 \u0627\u0644\u062a\u0627\u0644\u064a\u0629\".<\/p>\t\t\t\t\t\t<\/div>\n\t\t\t\t<\/div>\n\t\t\t\t<div class=\"elementor-element elementor-element-2b6c9c5 elementor-invisible elementor-widget elementor-widget-text-editor\" data-id=\"2b6c9c5\" data-element_type=\"widget\" data-settings=\"{&quot;_animation&quot;:&quot;fadeInLeft&quot;}\" data-widget_type=\"text-editor.default\">\n\t\t\t\t<div class=\"elementor-widget-container\">\n\t\t\t\t\t\t\t<p><strong>\u00bfCu\u00e1l va a ser tu pr\u00f3ximo viaje?<\/strong><\/p>\t\t\t\t\t\t<\/div>\n\t\t\t\t<\/div>\n\t\t\t\t\t<\/div>\n\t\t<\/div>\n\t\t\t\t<div class=\"elementor-column elementor-col-50 elementor-top-column elementor-element elementor-element-791f65f elementor-invisible\" data-id=\"791f65f\" data-element_type=\"column\" data-settings=\"{&quot;animation&quot;:&quot;fadeIn&quot;}\">\n\t\t\t<div class=\"elementor-widget-wrap elementor-element-populated\">\n\t\t\t\t\t\t<div class=\"elementor-element elementor-element-e1f11f7 elementor-widget elementor-widget-image\" data-id=\"e1f11f7\" data-element_type=\"widget\" data-widget_type=\"image.default\">\n\t\t\t\t<div class=\"elementor-widget-container\">\n\t\t\t<style>\/*! elementor - v3.23.0 - 05-08-2024 *\/\n.elementor-widget-image{text-align:center}.elementor-widget-image a{display:inline-block}.elementor-widget-image a img[src$=\".svg\"]{width:48px}.elementor-widget-image img{vertical-align:middle;display:inline-block}<\/style>\t\t\t\t\t\t\t\t\t\t<img fetchpriority=\"high\" decoding=\"async\" width=\"800\" height=\"793\" src=\"https:\/\/rifadatravel.com\/wp-content\/uploads\/2023\/01\/pexels-zawawi-rahim-13294978-1024x1015.jpg\" class=\"attachment-large size-large wp-image-789\" alt=\"\" srcset=\"https:\/\/rifadatravel.com\/wp-content\/uploads\/2023\/01\/pexels-zawawi-rahim-13294978-1024x1015.jpg 1024w, https:\/\/rifadatravel.com\/wp-content\/uploads\/2023\/01\/pexels-zawawi-rahim-13294978-300x297.jpg 300w, https:\/\/rifadatravel.com\/wp-content\/uploads\/2023\/01\/pexels-zawawi-rahim-13294978-150x150.jpg 150w, https:\/\/rifadatravel.com\/wp-content\/uploads\/2023\/01\/pexels-zawawi-rahim-13294978-768x761.jpg 768w, https:\/\/rifadatravel.com\/wp-content\/uploads\/2023\/01\/pexels-zawawi-rahim-13294978-1536x1523.jpg 1536w, https:\/\/rifadatravel.com\/wp-content\/uploads\/2023\/01\/pexels-zawawi-rahim-13294978-2048x2030.jpg 2048w\" sizes=\"(max-width: 800px) 100vw, 800px\" \/>\t\t\t\t\t\t\t\t\t\t\t\t\t<\/div>\n\t\t\t\t<\/div>\n\t\t\t\t\t<\/div>\n\t\t<\/div>\n\t\t\t\t\t<\/div>\n\t\t<\/section>\n\t\t\t\t<\/div>","protected":false},"excerpt":{"rendered":"<p>Qui\u00e9nes somos Si has llegado hasta aqu\u00ed es porque te est\u00e1 gustando lo que ves en nuestra web y quieres saber m\u00e1s sobre lo que ofrecemos, nuestro punto de vista y lo m\u00e1s importante, quienes somos. Somos una empresa joven, creada en 2022, con mucha informaci\u00f3n y experiencia en el sector, dado que hemos sido [&hellip;]<\/p>","protected":false},"author":1,"featured_media":0,"parent":0,"menu_order":0,"comment_status":"closed","ping_status":"closed","template":"elementor_header_footer","meta":{"_acf_changed":false,"footnotes":""},"class_list":["post-16","page","type-page","status-publish","hentry"],"acf":[],"_links":{"self":[{"href":"https:\/\/rifadatravel.com\/ar\/wp-json\/wp\/v2\/pages\/16","targetHints":{"allow":["GET"]}}],"collection":[{"href":"https:\/\/rifadatravel.com\/ar\/wp-json\/wp\/v2\/pages"}],"about":[{"href":"https:\/\/rifadatravel.com\/ar\/wp-json\/wp\/v2\/types\/page"}],"author":[{"embeddable":true,"href":"https:\/\/rifadatravel.com\/ar\/wp-json\/wp\/v2\/users\/1"}],"replies":[{"embeddable":true,"href":"https:\/\/rifadatravel.com\/ar\/wp-json\/wp\/v2\/comments?post=16"}],"version-history":[{"count":67,"href":"https:\/\/rifadatravel.com\/ar\/wp-json\/wp\/v2\/pages\/16\/revisions"}],"predecessor-version":[{"id":1139,"href":"https:\/\/rifadatravel.com\/ar\/wp-json\/wp\/v2\/pages\/16\/revisions\/1139"}],"wp:attachment":[{"href":"https:\/\/rifadatravel.com\/ar\/wp-json\/wp\/v2\/media?parent=16"}],"curies":[{"name":"wp","href":"https:\/\/api.w.org\/{rel}","templated":true}]}}